{"id":414,"date":"2020-05-29T15:31:50","date_gmt":"2020-05-29T15:31:50","guid":{"rendered":"https:\/\/micocinaasiatica.es\/?page_id=414"},"modified":"2020-05-29T15:31:51","modified_gmt":"2020-05-29T15:31:51","slug":"politica-de-cookies","status":"publish","type":"page","link":"https:\/\/micocinaasiatica.es\/?page_id=414","title":{"rendered":"Pol\u00edtica de cookies"},"content":{"rendered":"\n<p>MI COCINA asi\u00e1tica&nbsp;informa acerca del uso de las cookies en su p\u00e1gina web: www.micocinaasiatica.es<\/p>\n\n\n\n<h3 class=\"wp-block-heading\"><strong>\u00bfQu\u00e9 son las cookies?<\/strong><strong><\/strong><\/h3>\n\n\n\n<p>Las cookies son archivos que se pueden descargar en su equipo a trav\u00e9s de las p\u00e1ginas web. Son herramientas que tienen un papel&nbsp;esencial para la prestaci\u00f3n de numerosos servicios de la sociedad de la informaci\u00f3n. Entre otros, permiten a una p\u00e1gina web&nbsp;almacenar y recuperar informaci\u00f3n sobre los h\u00e1bitos de navegaci\u00f3n de un usuario o de su equipo y, dependiendo de la informaci\u00f3n&nbsp;obtenida, se pueden utilizar para reconocer al usuario y mejorar el servicio ofrecido.&nbsp;<\/p>\n\n\n\n<h3 class=\"wp-block-heading\"><strong>Tipos de cookies&nbsp;<\/strong><strong><\/strong><\/h3>\n\n\n\n<p>Seg\u00fan quien sea la entidad que gestione el dominio desde donde se env\u00edan las cookies y trate los datos que se obtengan se pueden&nbsp;<br>distinguir dos tipos:<\/p>\n\n\n\n<p>\u2022 Cookies propias: aqu\u00e9llas que se env\u00edan al equipo terminal del usuario desde un equipo o dominio gestionado&nbsp;por el propio editor y desde el que se presta el servicio solicitado por el usuario.<\/p>\n\n\n\n<p>\u2022 Cookies de terceros: aqu\u00e9llas que se env\u00edan al equipo terminal del usuario desde un equipo o dominio que no es&nbsp;<br>gestionado por el editor, sino por otra entidad que trata los datos obtenidos trav\u00e9s de las cookies.&nbsp;<br>En el caso de que las cookies sean instaladas desde un equipo o dominio gestionado por el propio editor pero la informaci\u00f3n que se&nbsp;<br>recoja mediante \u00e9stas sea gestionada por un tercero, no pueden ser consideradas como cookies propias.<\/p>\n\n\n\n<p>Existe tambi\u00e9n una segunda clasificaci\u00f3n seg\u00fan el plazo de tiempo que permanecen almacenadas en el navegador del cliente, pudiendo tratarse de:<\/p>\n\n\n\n<p>\u2022 Cookies de sesi\u00f3n: dise\u00f1adas para recabar y almacenar datos mientras el usuario accede a una p\u00e1gina web. Se&nbsp;suelen emplear para almacenar informaci\u00f3n que solo interesa conservar para la prestaci\u00f3n del servicio&nbsp; solicitado por el usuario en una sola ocasi\u00f3n (p.e. una lista de productos adquiridos).<\/p>\n\n\n\n<p>\u2022 Cookies persistentes: los datos siguen almacenados en el terminal y pueden ser accedidos y tratados durante un&nbsp;<br>periodo definido por el responsable de la cookie, y que puede ir de unos minutos a varios a\u00f1os.&nbsp;<br>Por \u00faltimo, existe otra clasificaci\u00f3n con cinco tipos de cookies seg\u00fan la finalidad para la que se traten los datos obtenidos:<\/p>\n\n\n\n<p>\u2022 Cookies t\u00e9cnicas: aquellas que permiten al usuario la navegaci\u00f3n a trav\u00e9s de una p\u00e1gina web,&nbsp;<br>plataforma o aplicaci\u00f3n y la utilizaci\u00f3n de las diferentes opciones o servicios que en ella existan como, por&nbsp;<br>ejemplo, controlar el tr\u00e1fico y la comunicaci\u00f3n de datos, identificar la sesi\u00f3n, acceder a partes de acceso&nbsp;<br>restringido, recordar los elementos que integran un pedido, realizar el proceso de compra de un pedido, realizar&nbsp;<br>la solicitud de inscripci\u00f3n o participaci\u00f3n en un evento, utilizar elementos de seguridad durante la navegaci\u00f3n,&nbsp;<br>almacenar contenidos para la difusi\u00f3n de v\u00eddeos o sonido o compartir contenidos a trav\u00e9s de redes sociales.<\/p>\n\n\n\n<p>\u2022 Cookies de personalizaci\u00f3n: permiten al usuario acceder al servicio con algunas caracter\u00edsticas de car\u00e1cter&nbsp;<br>general predefinidas en funci\u00f3n de una serie de criterios en el terminal del usuario como por ejemplo serian el&nbsp;<br>idioma, el tipo de navegador a trav\u00e9s del cual accede al servicio, la configuraci\u00f3n regional desde donde accede al&nbsp;<br>servicio, etc.<\/p>\n\n\n\n<p>\u2022 Cookies de an\u00e1lisis: permiten al responsable de las mismas, el seguimiento y an\u00e1lisis del comportamiento de los&nbsp;<br>usuarios de los sitios web a los que est\u00e1n vinculadas. La informaci\u00f3n recogida mediante este tipo de cookies se&nbsp;<br>utiliza en la medici\u00f3n de la actividad de los sitios web, aplicaci\u00f3n o plataforma y para la elaboraci\u00f3n de perfiles&nbsp;<br>de navegaci\u00f3n de los usuarios de dichos sitios, aplicaciones y plataformas, con el fin de introducir mejoras en&nbsp;<br>funci\u00f3n del an\u00e1lisis de los datos de uso que hacen los usuarios del servicio.<\/p>\n\n\n\n<p>\u2022 Cookies publicitarias: permiten la gesti\u00f3n, de la forma m\u00e1s eficaz posible, de los espacios publicitarios.<\/p>\n\n\n\n<p>\u2022 Cookies de publicidad comportamental: almacenan informaci\u00f3n del comportamiento de los usuarios obtenida a&nbsp;<br>trav\u00e9s de la observaci\u00f3n continuada de sus h\u00e1bitos de navegaci\u00f3n, lo que permite desarrollar un perfil espec\u00edfico&nbsp;<br>para mostrar publicidad en funci\u00f3n del mismo.<\/p>\n\n\n\n<p>\u2022 Cookies de redes sociales externas: se utilizan para que los visitantes puedan interactuar con el contenido de&nbsp;<br>diferentes plataformas sociales (facebook, youtube, twitter, linkedIn, etc..) y que se generen \u00fanicamente para los usuarios de dichas redes sociales. Las condiciones de utilizaci\u00f3n de estas cookies y la informaci\u00f3n recopilada&nbsp; se regula por la pol\u00edtica de privacidad de la plataforma social correspondiente.<\/p>\n\n\n\n<h3 class=\"wp-block-heading\"><strong>Desactivaci\u00f3n y eliminaci\u00f3n de cookies<\/strong><strong><\/strong><\/h3>\n\n\n\n<p>Tienes la opci\u00f3n de permitir, bloquear o eliminar las cookies instaladas en tu equipo mediante la configuraci\u00f3n de las opciones del&nbsp;<br>navegador instalado en su equipo. Al desactivar cookies, algunos de los servicios disponibles podr\u00edan dejar de estar operativos. La&nbsp;<br>forma de deshabilitar las cookies es diferente para cada navegador, pero normalmente puede hacerse desde el men\u00fa Herramientas&nbsp;<br>u Opciones. Tambi\u00e9n puede consultarse el men\u00fa de Ayuda del navegador d\u00f3nde puedes encontrar instrucciones. El usuario podr\u00e1&nbsp;<br>en cualquier momento elegir qu\u00e9 cookies quiere que funcionen en este sitio web.&nbsp;<br>Puede usted permitir, bloquear o eliminar las cookies instaladas en su equipo mediante la configuraci\u00f3n de las opciones del&nbsp;<br>navegador instalado en su ordenador:&nbsp;<\/p>\n\n\n\n<p>\u2022 Microsoft Internet Explorer o Microsoft Edge:&nbsp;<br>http:\/\/windows.microsoft.com\/es-es\/windows-vista\/Block-or-allow-cookies&nbsp;<br>\u2022 Mozilla Firefox: http:\/\/support.mozilla.org\/es\/kb\/impedir-que-los-sitios-web-guarden-sus-preferencia&nbsp;<br>\u2022 Chrome: https:\/\/support.google.com\/accounts\/answer\/61416?hl=es&nbsp;<br>\u2022 Safari: http:\/\/safari.helpmax.net\/es\/privacidad-y-seguridad\/como-gestionar-las-cookies\/&nbsp;<br>\u2022 Opera: http:\/\/help.opera.com\/Linux\/10.60\/es-ES\/cookies.html&nbsp;<br>Adem\u00e1s, tambi\u00e9n puede gestionar el almac\u00e9n de cookies en su navegador a trav\u00e9s de herramientas como las siguientes&nbsp;<br>\u2022 Ghostery: www.ghostery.com\/&nbsp;<br>\u2022 Your online choices: www.youronlinechoices.com\/es\/&nbsp;<br>Cookies utilizadas en www.micocinaasiatica.es&nbsp;<br>A continuaci\u00f3n se identifican las cookies que est\u00e1n siendo utilizadas en este portal as\u00ed como su tipolog\u00eda y funci\u00f3n:&nbsp;<br>Aceptaci\u00f3n de la Pol\u00edtica de cookies<br>www.micocinaasiatica.es&nbsp;asume que usted acepta el uso de cookies. No obstante, muestra informaci\u00f3n sobre su Pol\u00edtica de cookies en la parte&nbsp;<br>inferior o superior de cualquier p\u00e1gina del portal con cada inicio de sesi\u00f3n con el objeto de que usted sea consciente.&nbsp;<br>Ante esta informaci\u00f3n es posible llevar a cabo las siguientes acciones:&nbsp;<br>\u2022 Aceptar cookies. No se volver\u00e1 a visualizar este aviso al acceder a cualquier p\u00e1gina del portal durante la&nbsp;<br>presente sesi\u00f3n.&nbsp;<br>\u2022 Cerrar. Se oculta el aviso en la presente p\u00e1gina.&nbsp;<br>\u2022 Modificar su configuraci\u00f3n. Podr\u00e1 obtener m\u00e1s informaci\u00f3n sobre qu\u00e9 son las cookies, conocer la Pol\u00edtica de&nbsp;<br>cookies de www.micocinaasiatica.es&nbsp;y modificar la configuraci\u00f3n de su navegador.<\/p>\n","protected":false},"excerpt":{"rendered":"<p>MI COCINA asi\u00e1tica&nbsp;informa acerca del uso de las cookies en su p\u00e1gina web: www.micocinaasiatica.es \u00bfQu\u00e9 son las cookies? Las cookies son archivos que se pueden descargar en su equipo a trav\u00e9s de las p\u00e1ginas web. Son herramientas que tienen un papel&nbsp;esencial para la prestaci\u00f3n de numerosos servicios de la sociedad de la informaci\u00f3n. Entre otros, &hellip; <\/p>\n","protected":false},"author":1,"featured_media":0,"parent":0,"menu_order":0,"comment_status":"closed","ping_status":"closed","template":"","meta":{"footnotes":""},"_links":{"self":[{"href":"https:\/\/micocinaasiatica.es\/index.php?rest_route=\/wp\/v2\/pages\/414"}],"collection":[{"href":"https:\/\/micocinaasiatica.es\/index.php?rest_route=\/wp\/v2\/pages"}],"about":[{"href":"https:\/\/micocinaasiatica.es\/index.php?rest_route=\/wp\/v2\/types\/page"}],"author":[{"embeddable":true,"href":"https:\/\/micocinaasiatica.es\/index.php?rest_route=\/wp\/v2\/users\/1"}],"replies":[{"embeddable":true,"href":"https:\/\/micocinaasiatica.es\/index.php?rest_route=%2Fwp%2Fv2%2Fcomments&post=414"}],"version-history":[{"count":1,"href":"https:\/\/micocinaasiatica.es\/index.php?rest_route=\/wp\/v2\/pages\/414\/revisions"}],"predecessor-version":[{"id":415,"href":"https:\/\/micocinaasiatica.es\/index.php?rest_route=\/wp\/v2\/pages\/414\/revisions\/415"}],"wp:attachment":[{"href":"https:\/\/micocinaasiatica.es\/index.php?rest_route=%2Fwp%2Fv2%2Fmedia&parent=414"}],"curies":[{"name":"wp","href":"https:\/\/api.w.org\/{rel}","templated":true}]}}